{"id":1240,"date":"2018-02-20T17:03:12","date_gmt":"2018-02-20T17:03:12","guid":{"rendered":"https:\/\/afmc.ca\/phprimer\/?page_id=1240"},"modified":"2024-06-28T14:37:47","modified_gmt":"2024-06-28T14:37:47","slug":"partie-ii-les-methodes-etudier-la-sante","status":"publish","type":"page","link":"https:\/\/phprimer.afmc.ca\/fr\/partie-ii\/","title":{"rendered":"PARTIE II &#8211; LES M\u00c9THODES : \u00c9TUDIER LA SANT\u00c9"},"content":{"rendered":"","protected":false},"excerpt":{"rendered":"","protected":false},"author":1,"featured_media":0,"parent":0,"menu_order":0,"comment_status":"closed","ping_status":"closed","template":"","meta":{"footnotes":""},"class_list":["post-1240","page","type-page","status-publish","hentry"],"aioseo_notices":[],"_links":{"self":[{"href":"https:\/\/phprimer.afmc.ca\/fr\/wp-json\/wp\/v2\/pages\/1240","targetHints":{"allow":["GET"]}}],"collection":[{"href":"https:\/\/phprimer.afmc.ca\/fr\/wp-json\/wp\/v2\/pages"}],"about":[{"href":"https:\/\/phprimer.afmc.ca\/fr\/wp-json\/wp\/v2\/types\/page"}],"author":[{"embeddable":true,"href":"https:\/\/phprimer.afmc.ca\/fr\/wp-json\/wp\/v2\/users\/1"}],"replies":[{"embeddable":true,"href":"https:\/\/phprimer.afmc.ca\/fr\/wp-json\/wp\/v2\/comments?post=1240"}],"version-history":[{"count":1,"href":"https:\/\/phprimer.afmc.ca\/fr\/wp-json\/wp\/v2\/pages\/1240\/revisions"}],"predecessor-version":[{"id":4455,"href":"https:\/\/phprimer.afmc.ca\/fr\/wp-json\/wp\/v2\/pages\/1240\/revisions\/4455"}],"wp:attachment":[{"href":"https:\/\/phprimer.afmc.ca\/fr\/wp-json\/wp\/v2\/media?parent=1240"}],"curies":[{"name":"wp","href":"https:\/\/api.w.org\/{rel}","templated":true}]}}