{"id":1309,"date":"2018-02-20T17:46:06","date_gmt":"2018-02-20T17:46:06","guid":{"rendered":"https:\/\/afmc.ca\/phprimer\/?page_id=1309"},"modified":"2024-06-28T14:42:35","modified_gmt":"2024-06-28T14:42:35","slug":"droits-dauteur","status":"publish","type":"page","link":"https:\/\/phprimer.afmc.ca\/fr\/droits-dauteur\/","title":{"rendered":"Droits d\u2019auteur"},"content":{"rendered":"<p>Notions de sant\u00e9 des populations du R\u00e9seau d\u2019enseignants en sant\u00e9 publique de l\u2019AFMC est autoris\u00e9 en vertu du permis Creative Commons \u00abAttribution-NonCommercial-ShareAlike 3.0 Unported\u00bb. Pour consulter un exemplaire du permis, cliquez sur creativecommons.org\/licenses\/by-nc-sa\/3.0\/deed.fr ou faites parvenir une lettre \u00e0 Creative Commons \u00e0 l\u2019adresse suivante: 444 Castro Street, Suite 900, Mountain View, California, 94041, USA.<\/p>\n<p>Les autorisations qui d\u00e9passent les limites de ce permis se trouvent au afmc.ca\/fr\/conditions-dutilisation.<\/p>\n<p>Le permis Creative Commons \u00abAttribution-NonCommerical-ShareAlike 3.0 Unported\u00bb permet un acc\u00e8s libre au contenu du manuel Notions de sant\u00e9 des populations de l\u2019AFMC. Veuillez passer en revue le permis au creativecommons.org\/licenses\/by-nc-sa\/3.0\/deed.fr. Bri\u00e8vement, le permis permet de remanier, de modifier l\u00e9g\u00e8rement et de fonder un travail sur le manuel dans un contexte non commercial dans la mesure o\u00f9 il est cit\u00e9 \u00e0 titre de r\u00e9f\u00e9rence et o\u00f9 toute nouvelle cr\u00e9ation en d\u00e9coulant soit r\u00e9gie selon des termes identiques. Des suggestions ou les termes appropri\u00e9s pour la r\u00e9f\u00e9rence se trouvent au: afmc.ca\/fr\/ conditions-dutilisation.<\/p>\n<p>En outre, si vous avez recours au manuel dans le cadre de votre enseignement et que vous l\u2019am\u00e9liorez, nous vous demandons de nous faire parvenir les am\u00e9liorations \u00e0 l\u2019adresse publichealth@afmc.ca. Elles pourraient \u00eatre incorpor\u00e9es au manuel de l\u2019AFMC.<\/p>\n<p>IMPORTANT: certaines parties du manuel comprennent du contenu de tiers r\u00e9gi en vertu de conditions qui ne sont pas les m\u00eames que celles figurant ci-dessus. Les conditions d\u2019autorisation de ce contenu sont indiqu\u00e9es sur demande ou le contenu rel\u00e8ve d\u2019une \u00abUtilisation autoris\u00e9e\u00bb. Toute autorisation doit \u00eatre obtenue directement aupr\u00e8s du propri\u00e9taire de ce contenu et ne peut \u00eatre suppos\u00e9e par ce produit de l\u2019AFMC.<\/p>\n<p>Veuillez consulter la version int\u00e9grale des droits d\u2019auteur et conditions d\u2019utilisation pour le manuel : afmc. ca\/fr\/conditions-dutilisation.<\/p>\n<p>&nbsp;<\/p>\n","protected":false},"excerpt":{"rendered":"<p>Notions de sant\u00e9 des populations du R\u00e9seau d\u2019enseignants en sant\u00e9 publique de l\u2019AFMC est autoris\u00e9 en vertu du permis Creative Commons \u00abAttribution-NonCommercial-ShareAlike 3.0 Unported\u00bb. Pour consulter un exemplaire du permis, cliquez sur creativecommons.org\/licenses\/by-nc-sa\/3.0\/deed.fr ou faites parvenir une lettre \u00e0 Creative Commons \u00e0 l\u2019adresse suivante: 444 Castro Street, Suite 900, Mountain View, California, 94041, USA. Les [&hellip;]<\/p>\n","protected":false},"author":1,"featured_media":0,"parent":0,"menu_order":9,"comment_status":"closed","ping_status":"closed","template":"","meta":{"footnotes":""},"class_list":["post-1309","page","type-page","status-publish","hentry"],"aioseo_notices":[],"_links":{"self":[{"href":"https:\/\/phprimer.afmc.ca\/fr\/wp-json\/wp\/v2\/pages\/1309","targetHints":{"allow":["GET"]}}],"collection":[{"href":"https:\/\/phprimer.afmc.ca\/fr\/wp-json\/wp\/v2\/pages"}],"about":[{"href":"https:\/\/phprimer.afmc.ca\/fr\/wp-json\/wp\/v2\/types\/page"}],"author":[{"embeddable":true,"href":"https:\/\/phprimer.afmc.ca\/fr\/wp-json\/wp\/v2\/users\/1"}],"replies":[{"embeddable":true,"href":"https:\/\/phprimer.afmc.ca\/fr\/wp-json\/wp\/v2\/comments?post=1309"}],"version-history":[{"count":1,"href":"https:\/\/phprimer.afmc.ca\/fr\/wp-json\/wp\/v2\/pages\/1309\/revisions"}],"predecessor-version":[{"id":4469,"href":"https:\/\/phprimer.afmc.ca\/fr\/wp-json\/wp\/v2\/pages\/1309\/revisions\/4469"}],"wp:attachment":[{"href":"https:\/\/phprimer.afmc.ca\/fr\/wp-json\/wp\/v2\/media?parent=1309"}],"curies":[{"name":"wp","href":"https:\/\/api.w.org\/{rel}","templated":true}]}}